{"id":23,"date":"2022-10-10T15:16:37","date_gmt":"2022-10-10T13:16:37","guid":{"rendered":"https:\/\/monkeyandco.com\/en\/?page_id=23"},"modified":"2024-12-02T15:51:04","modified_gmt":"2024-12-02T14:51:04","slug":"terms-of-service","status":"publish","type":"page","link":"https:\/\/monkeyandco.com\/en\/terms-of-service\/","title":{"rendered":"Terms of Service"},"content":{"rendered":"\n<h1 class=\"wp-block-heading\">Allgemeine Gesch\u00e4ftsbedingungen<\/h1>\n\n\n\n<h3 class=\"wp-block-heading\">\u00a7 1 Geltung, Begriffsdefinitionen<\/h3>\n\n\n\n<p>(1) Textilvertrieb Zink, Zwinger 12, 97070 W\u00fcrzburg, Deutschland (im Folgenden: \u201ewir\u201c oder \u201eMonkey &amp; Co.\u201c) betreibt unter der Webseite https:\/\/monkeyandco.com einen Online-Shop f\u00fcr Waren und Digitale G\u00fcter. Die nachfolgenden allgemeinen Gesch\u00e4ftsbedingungen gelten f\u00fcr alle Leistungen zwischen uns und unseren Kunden (im Folgenden: \u201eKunde\u201c oder \u201eSie\u201c) in ihrer zum Zeitpunkt der Bestellung g\u00fcltigen Fassung, soweit nicht etwas anderes ausdr\u00fccklich vereinbart wurde.<\/p>\n\n\n\n<p>(2) \u201eVerbraucher\u201c im Sinne dieser Gesch\u00e4ftsbedingungen ist jede nat\u00fcrliche Person, die ein Rechtsgesch\u00e4ft zu Zwecken abschlie\u00dft, die \u00fcberwiegend weder ihrer gewerblichen noch ihrer selbst\u00e4ndigen beruflichen T\u00e4tigkeit zugerechnet werden k\u00f6nnen. \u201eUnternehmer\u201c ist eine nat\u00fcrliche oder juristische Person oder eine rechtsf\u00e4hige Personengesellschaft, die bei Abschluss eines Rechtsgesch\u00e4fts in Aus\u00fcbung ihrer gewerblichen oder selbst\u00e4ndigen beruflichen T\u00e4tigkeit handelt, wobei eine rechtsf\u00e4hige Personengesellschaft eine Personengesellschaft ist, die mit der F\u00e4higkeit ausgestattet ist, Rechte zu erwerben und Verbindlichkeiten einzugehen.<\/p>\n\n\n\n<h3 class=\"wp-block-heading\">\u00a7 2 Zustandekommen der Vertr\u00e4ge, Speicherung des Vertragstextes<\/h3>\n\n\n\n<p>(1) Die folgenden Regelungen \u00fcber den Vertragsabschluss gelten f\u00fcr Bestellungen \u00fcber unseren Online-Shop unter https:\/\/monkeyandco.com.<\/p>\n\n\n\n<p>(2) Unsere Produktdarstellungen im Internet sind unverbindlich und kein verbindliches Angebot zum Abschluss eines Vertrages.<\/p>\n\n\n\n<p>(3) Bei Eingang einer Bestellung in unserem Online-Shop gelten folgende Regelungen: Der Kunde gibt ein bindendes Vertragsangebot ab, indem er die in unserem Online-Shop vorgesehene Bestellprozedur erfolgreich durchl\u00e4uft. Die Bestellung erfolgt in folgenden Schritten:<\/p>\n\n\n\n<ol class=\"wp-block-list\">\n<li>Auswahl der gew\u00fcnschten Deko-Ware, der digitalen G\u00fcter,<\/li>\n\n\n\n<li>Hinzuf\u00fcgen der Produkte durch Anklicken des entsprechenden Buttons (z.B. \u201eIn den Warenkorb\u201c, \u201eIn die Einkaufstasche\u201c o.\u00e4.),<\/li>\n\n\n\n<li>Pr\u00fcfung der Angaben im Warenkorb,<\/li>\n\n\n\n<li>Aufrufen der Bestell\u00fcbersicht durch Anklicken des entsprechenden Buttons (z.B. \u201eWeiter zur Kasse\u201c, \u201eWeiter zur Zahlung\u201c, \u201eZur Bestell\u00fcbersicht\u201c o.\u00e4.),<\/li>\n\n\n\n<li>Eingabe\/Pr\u00fcfung der Adress- und Kontaktdaten, Auswahl der Zahlungsart, Best\u00e4tigung der AGB und Widerrufsbelehrung,<\/li>\n\n\n\n<li>Sofern die vereinbarte Beschaffenheit der Ware von deren \u00fcblichen Beschaffenheit und Verwendungsvoraussetzungen abweicht, Best\u00e4tigung einer negativen Beschaffenheitsvereinbarung,<\/li>\n\n\n\n<li>Abschluss der Bestellung durch Bet\u00e4tigung des Buttons \u201eJetzt kaufen\u201c. Dies stellt Ihre verbindliche Bestellung dar.<\/li>\n\n\n\n<li>Der Vertrag kommt zustande, indem Ihnen innerhalb von drei Werktagen an die angegebene E-Mail-Adresse eine Bestellbest\u00e4tigung von uns zugeht.<\/li>\n<\/ol>\n\n\n\n<p>(4) Im Falle des Vertragsschlusses kommt der Vertrag mit\u00a0Textilvertrieb Zink, Zwinger 12, 97070 W\u00fcrzburg, Deutschland zustande.<\/p>\n\n\n\n<p>(5) Vor der Bestellung k\u00f6nnen die Vertragsdaten \u00fcber die Druckfunktion des Browsers ausgedruckt oder elektronisch gesichert werden. Die Abwicklung der Bestellung und \u00dcbermittlung aller im Zusammenhang mit dem Vertragsschluss erforderlichen Informationen, insbesondere der Bestelldaten, der AGB und der Widerrufsbelehrung, erfolgt per E-Mail nach dem Ausl\u00f6sen der Bestellung durch Sie, zum Teil automatisiert. Wir speichern den Vertragstext nach Vertragsschluss nicht.<\/p>\n\n\n\n<p>(6) Eingabefehler k\u00f6nnen mittels der \u00fcblichen Tastatur-, Maus- und Browser-Funktionen (z.B. \u00bbZur\u00fcck-Button\u00ab des Browsers) berichtigt werden. Sie k\u00f6nnen auch dadurch berichtigt werden, dass Sie den Bestellvorgang vorzeitig abbrechen, das Browserfenster schlie\u00dfen und den Vorgang wiederholen.<\/p>\n\n\n\n<p>(7) Die Abwicklung der Bestellung und \u00dcbermittlung aller im Zusammenhang mit dem Vertragsschluss erforderlichen Informationen erfolgt per E-Mail zum Teil automatisiert. Sie haben deshalb sicherzustellen, dass die von Ihnen bei uns hinterlegte E-Mail-Adresse zutreffend ist, der Empfang der E-Mails technisch sichergestellt und insbesondere nicht durch SPAM-Filter verhindert wird.<\/p>\n\n\n\n<h3 class=\"wp-block-heading\">\u00a7 3 Gegenstand des Vertrages und wesentliche Merkmale der Produkte<\/h3>\n\n\n\n<p>(1) Bei unserem Online-Shop ist Vertragsgegenstand:<\/p>\n\n\n\n<ol class=\"wp-block-list\">\n<li>Der Verkauf von Deko-Waren. Die konkret angebotenen Waren k\u00f6nnen Sie unseren Artikelseiten entnehmen.<\/li>\n\n\n\n<li>Der Verkauf von digitalen G\u00fctern, z.B. Software oder Mediendownloads. Die konkret angebotenen digitalen G\u00fcter k\u00f6nnen Sie unseren Artikelseiten entnehmen.<\/li>\n<\/ol>\n\n\n\n<p>(2) Sofern ein Vertrag \u00fcber Waren mit digitalen Elementen oder \u00fcber digitale Produkte (digitale Inhalte und Dienstleistungen) mit einem Verbraucher zustande kommt und die gesetzliche Aktualisierungspflicht nicht vertraglich wirksam ausgeschlossen wird, sind auch die funktionserhaltenden Aktualisierungen und erforderlichen Sicherheitsupdates Vertragsgegenstand.<\/p>\n\n\n\n<p>(3) Die wesentlichen Merkmale der Ware und digitalen G\u00fcter finden sich in der Artikelbeschreibung. Sofern die vereinbarte Beschaffenheit der Ware von deren \u00fcblichen Beschaffenheit und Verwendungsvoraussetzungen abweicht, wird darauf in der Artikelbeschreibung ausdr\u00fccklich hingewiesen (negative Beschaffenheitsvereinbarung). Soweit der Kunde seine ausdr\u00fcckliche Einwilligung in die negative Beschaffenheitsabweichung erteilt hat, definiert diese den Vertragsgegenstand.<\/p>\n\n\n\n<p>(4) F\u00fcr den Verkauf digitaler Produkte gelten die aus der Produktbeschreibung ersichtlichen oder sich sonst aus den Umst\u00e4nden ergebenden Beschr\u00e4nkungen, insbesondere zu Hard- und\/oder Softwareanforderungen an die Zielumgebung. Wenn nicht ausdr\u00fccklich etwas anderes vereinbart ist, ist Vertragsgegenstand nur die&nbsp;private und gewerbliche Nutzung der Produkte ohne das Recht zur Weiterver\u00e4u\u00dferung oder Unterlizensierung.<\/p>\n\n\n\n<h3 class=\"wp-block-heading\">\u00a7 4 Preise, Versandkosten und Lieferung<\/h3>\n\n\n\n<p>(1) Die in den jeweiligen Angeboten angef\u00fchrten Preise sowie die Versandkosten sind Gesamtpreise und beinhalten alle Preisbestandteile einschlie\u00dflich aller anfallenden Steuern.<\/p>\n\n\n\n<p>(2) Der jeweilige Kaufpreis ist vor der Lieferung des Produktes zu leisten (Vorkasse), es sei denn, wir bieten ausdr\u00fccklich den Kauf auf Rechnung an. Die Ihnen zur Verf\u00fcgung stehenden Zahlungsarten sind unter einer entsprechend bezeichneten Schaltfl\u00e4che im Online-Shop oder im jeweiligen Angebot ausgewiesen. Soweit bei den einzelnen Zahlungsarten nicht anders angegeben, sind die Zahlungsanspr\u00fcche sofort zur Zahlung f\u00e4llig.<\/p>\n\n\n\n<p>(3) Zus\u00e4tzlich zu den angegebenen Preisen k\u00f6nnen f\u00fcr die Lieferung von Produkten Versandkosten anfallen, sofern der jeweilige Artikel nicht als versandkostenfrei ausgewiesen ist. Die Versandkosten werden Ihnen auf den Angeboten, ggf. im Warenkorbsystem und auf der Bestell\u00fcbersicht nochmals deutlich mitgeteilt.<\/p>\n\n\n\n<p>(4) Alle angebotenen Produkte sind, sofern nicht in der Produktbeschreibung deutlich anders angegeben, sofort versandfertig (Lieferzeit: [ Platziere den Wert f\u00fcr default_delivery_time_text ] nach dem Eingang der Zahlung).<\/p>\n\n\n\n<p>(5) Die Lieferung erfolgt weltweit.<\/p>\n\n\n\n<h3 class=\"wp-block-heading\">\u00a7 5 Aktualisierungen, Updates, Mitwirkungspflichten des Verbrauchers<\/h3>\n\n\n\n<p>(1) Sofern ein Vertrag \u00fcber Waren mit digitalen Elementen oder \u00fcber digitale Produkte (digitale Inhalte und Dienstleistungen) mit einem Verbraucher zustande kommt und die gesetzliche Aktualisierungspflicht nicht vertraglich wirksam ausgeschlossen ist, werden dem Kunden regelm\u00e4\u00dfig Updates bereitgestellt, die die Funktionsf\u00e4higkeit und die (IT-)Sicherheit der Kaufsache gew\u00e4hrleisten (z.B. Sicherheitsupdates gegen neue Sicherheitsbedrohungen etc.).<\/p>\n\n\n\n<p>(2) Wir sind dazu befugt, zur Bereitstellung der Updates auch einen Dritten einzusetzen (z. B. den Hersteller oder seinen Lieferanten).<\/p>\n\n\n\n<p>(3) Der Zeitraum, in dem Updates bereitgestellt werden, h\u00e4ngt von der Art der jeweiligen Kaufsache ab und wird in der Artikelbeschreibung erl\u00e4utert.<\/p>\n\n\n\n<p>(4) Verbraucher werden \u00fcber die Bereitstellung von Updates sowie \u00fcber die sachgem\u00e4\u00dfe Installation dieser ([ Platziere den Wert f\u00fcr agbs_v2_digital_aktualisierung_information ]) informiert.<\/p>\n\n\n\n<p>(5) Der Kunde ist verpflichtet, bereitgestellte Updates sachgem\u00e4\u00df nach der Installationsanleitung zu installieren.<\/p>\n\n\n\n<h3 class=\"wp-block-heading\">\u00a7 6 Zur\u00fcckbehaltungsrecht, Eigentumsvorbehalt<\/h3>\n\n\n\n<p>(1) Ein Zur\u00fcckbehaltungsrecht k\u00f6nnen Sie nur aus\u00fcben, soweit es sich um Forderungen aus demselben Vertragsverh\u00e4ltnis handelt.<\/p>\n\n\n\n<p>(2) Die Ware bleibt bis zur vollst\u00e4ndigen Zahlung des Kaufpreises unser Eigentum.<\/p>\n\n\n\n<h3 class=\"wp-block-heading\">\u00a7 7 Widerrufsrecht<\/h3>\n\n\n\n<p>Als Verbraucher haben Sie ein Widerrufsrecht. Dieses richtet sich nach unserer <a href=\"yellow&quot;>[ Platziere den Wert f\u00fcr revocation_page_url ]<\/span>&#8220;>Widerrufsbelehrung<\/a>.<\/p>\n\n\n\n<h3 class=\"wp-block-heading\">\u00a7 8 Haftung<\/h3>\n\n\n\n<p>(1) Vorbehaltlich der nachfolgenden Ausnahmen ist unsere Haftung f\u00fcr vertragliche Pflichtverletzungen sowie aus unerlaubter Handlung auf Vorsatz oder grobe Fahrl\u00e4ssigkeit beschr\u00e4nkt.<\/p>\n\n\n\n<!-- <p>(2) Wir haften bei leichter Fahrl\u00e4ssigkeit im Falle der Verletzung des Lebens, des K\u00f6rpers, der Gesundheit oder bei Verletzung einer vertragswesentlichen Pflicht unbeschr\u00e4nkt. Wenn wir durch leichte Fahrl\u00e4ssigkeit mit der Leistung in Verzug geraten sind, wenn die Leistung unm\u00f6glich geworden ist oder wenn wir eine vertragswesentliche Pflicht verletzt haben, ist die Haftung f\u00fcr darauf zur\u00fcckzuf\u00fchrende Sach- und Verm\u00f6genssch\u00e4den auf den <strong>vertragstypisch vorhersehbaren Schaden<\/strong> begrenzt. Eine vertragswesentliche Pflicht ist eine solche, deren Erf\u00fcllung die ordnungsgem\u00e4\u00dfe Durchf\u00fchrung des Vertrages \u00fcberhaupt erst erm\u00f6glicht, deren Verletzung die Erreichung des Vertragszwecks gef\u00e4hrdet und auf deren Einhaltung Sie regelm\u00e4\u00dfig vertrauen d\u00fcrfen. Dazu geh\u00f6rt insbesondere unsere Pflicht zum T\u00e4tigwerden und der Erf\u00fcllung der vertraglich geschuldeten Leistung, die in \u00a7 3 beschrieben wird.<\/p> -->\n\n\n\n<!-- <p>(3) Unterl\u00e4sst es der Kunde beim Kauf einer Ware mit digitalen Elementen oder beim Kauf digitaler Produkte (digitale Inhalte und Dienstleistungen), eine Aktualisierung, die ihm bereitgestellt und \u00fcber deren Verf\u00fcgbarkeit er informiert worden ist, innerhalb einer angemessenen Frist zu installieren, so haften wir nicht f\u00fcr einen Sachmangel, der allein auf das Fehlen dieser Aktualisierung zur\u00fcckzuf\u00fchren ist.<\/p> -->\n\n\n\n<h3 class=\"wp-block-heading\">\u00a7 9 Vertragssprache<\/h3>\n\n\n\n<p>Als Vertragssprache steht ausschlie\u00dflich Deutsch zur Verf\u00fcgung.<\/p>\n\n\n\n<h3 class=\"wp-block-heading\">\u00a7 10&nbsp;Gew\u00e4hrleistung<\/h3>\n\n\n\n<p>(1) Die Gew\u00e4hrleistung richtet sich nach den gesetzlichen Bestimmungen.<\/p>\n\n\n\n<p>(2) Gegen\u00fcber Unternehmern betr\u00e4gt die Gew\u00e4hrleistungsfrist auf gelieferte Sachen 12 Monate.<\/p>\n\n\n\n<p>(3) Als Verbraucher werden Sie gebeten, die Sache\/die digitalen G\u00fcter oder die erbrachte Dienstleistung bei Vertragserf\u00fcllung umgehend auf Vollst\u00e4ndigkeit, offensichtliche M\u00e4ngel und Transportsch\u00e4den zu \u00fcberpr\u00fcfen und uns sowie dem Spediteur Beanstandungen schnellstm\u00f6glich mitzuteilen. Kommen Sie dem nicht nach, hat dies nat\u00fcrlich keine Auswirkung auf Ihre gesetzlichen Gew\u00e4hrleistungsanspr\u00fcche.<\/p>\n\n\n\n<h3 class=\"wp-block-heading\">\u00a7 11&nbsp;Schlussbestimmungen\/Streitbeilegung<\/h3>\n\n\n\n<p>(1) Es gilt deutsches Recht. Bei Verbrauchern gilt diese Rechtswahl nur, soweit hierdurch der durch zwingende Bestimmungen des Rechts des Staates des gew\u00f6hnlichen Aufenthaltes des Verbrauchers gew\u00e4hrte Schutz nicht entzogen wird (G\u00fcnstigkeitsprinzip).<\/p>\n\n\n\n<p>(2) Die Bestimmungen des UN-Kaufrechts finden ausdr\u00fccklich keine Anwendung.<\/p>\n\n\n\n<p>(3) Sofern es sich beim Kunden um einen Kaufmann, eine juristische Person des \u00f6ffentlichen Rechts oder um ein \u00f6ffentlich-rechtliches Sonderverm\u00f6gen handelt, ist Gerichtsstand f\u00fcr alle Streitigkeiten aus Vertragsverh\u00e4ltnissen zwischen dem Kunden und dem Anbieter der Sitz des Anbieters.<\/p>\n\n\n\n<p>(4) \n\nWe are not obliged nor willing to participate in dispute settlement proceedings before a consumer arbitration board.<\/p>\n\n\n\n<hr class=\"wp-block-separator has-alpha-channel-opacity\"\/>\n\n\n\n<h2 class=\"wp-block-heading\">The following text has been automatically translated form the above text:<\/h2>\n\n\n\n<p>Conditions<\/p>\n\n\n\n<p>Terms of Service<\/p>\n\n\n\n<p>\u00a7 1 Validity, definition of terms<\/p>\n\n\n\n<p>(1) Textilvertrieb Zink, Zwinger 12, 97070 W\u00fcrzburg, Germany (hereinafter: &#8220;we&#8221; or &#8220;Monkey &amp; Co.&#8221;) operates an online shop for goods and digital goods on the website https:\/\/monkeyandco.com. The following general terms and conditions apply to all services between us and our customers (hereinafter: &#8220;customer&#8221; or &#8220;you&#8221;) in the version valid at the time of the order, unless otherwise expressly agreed.<\/p>\n\n\n\n<p>(2) &#8220;Consumer&#8221; within the meaning of these terms and conditions is any natural person who concludes a legal transaction for purposes that can predominantly neither be attributed to their commercial nor their self-employed professional activity. &#8220;Entrepreneur&#8221; is a natural or legal person or a partnership with legal capacity who, when concluding a legal transaction, acts in the exercise of their commercial or independent professional activity, whereby a partnership with legal capacity is a partnership that is equipped with the ability to acquire rights and enter into liabilities .<\/p>\n\n\n\n<p>\u00a7 2 Formation of the contracts, storage of the contract text<\/p>\n\n\n\n<p>(1) The following regulations on the conclusion of a contract apply to orders via our online shop at https:\/\/monkeyandco.com.<\/p>\n\n\n\n<p>(2) Our product presentations on the Internet are non-binding and not a binding offer to conclude a contract.<\/p>\n\n\n\n<p>(3) When an order is received in our online shop, the following regulations apply: The customer submits a binding contract offer by successfully going through the ordering procedure provided in our online shop. The order is made in the following steps:<\/p>\n\n\n\n<p>Selection of the desired goods, the digital goods,<br>Adding the products by clicking on the corresponding button (e.g. &#8220;Add to shopping cart&#8221;, &#8220;Into the shopping bag&#8221; or similar),<br>checking the information in the shopping cart,<br>Calling up the order overview by clicking on the corresponding button (e.g. &#8220;Proceed to checkout&#8221;, &#8220;Proceed to payment&#8221;, &#8220;To the order overview&#8221; or similar),<br>Entering\/checking the address and contact details, selecting the payment method, confirming the terms and conditions and cancellation policy,<br>If the agreed quality of the goods deviates from their usual quality and usage requirements, confirmation of a negative quality agreement,<br>Completion of the order by clicking the &#8220;Buy now&#8221; button. This constitutes your binding order.<br>The contract is concluded when you receive an order confirmation from us within three working days at the e-mail address provided.<\/p>\n\n\n\n<p>(4) If the contract is concluded, the contract is concluded with Textilvertrieb Zink, Zwinger 12, 97070 W\u00fcrzburg, Germany.<\/p>\n\n\n\n<p>(5) Before ordering, the contract data can be printed out or saved electronically using the print function of the browser. The processing of the order and transmission of all information required in connection with the conclusion of the contract, in particular the order data, the terms and conditions and the cancellation policy, takes place by e-mail after you have placed the order, partly automatically. We do not save the text of the contract after the conclusion of the contract.<\/p>\n\n\n\n<p>(6) Input errors can be corrected using the usual keyboard, mouse and browser functions (e.g. &#8220;Back&#8221; button of the browser). They can also be corrected by aborting the ordering process prematurely, closing the browser window and repeating the process.<\/p>\n\n\n\n<p>(7) The processing of the order and the transmission of all information required in connection with the conclusion of the contract takes place via e-mail, in some cases automatically. You must therefore ensure that the e-mail address you have given us is correct, that the receipt of the e-mails is technically guaranteed and, in particular, that it is not prevented by SPAM filters.<\/p>\n\n\n\n<p>\u00a7 3 Subject matter of the contract and essential features of the products<\/p>\n\n\n\n<p>(1) In our online shop, the subject matter of the contract is:<\/p>\n\n\n\n<p>The sale of goods. You can find the specific goods offered on our article pages.<br>The sale of digital goods, e.g. software or media downloads. The specific digital goods offered can be found on our article pages.<br>(2) If a contract for goods with digital elements or for digital products (digital content and services) is concluded with a consumer and the statutory obligation to update is not contractually excluded, the functional updates and necessary security updates are also part of the contract.<\/p>\n\n\n\n<p>(3) The essential features of the goods and digital goods can be found in the item description. If the agreed quality of the goods deviates from their usual quality and usage requirements, this will be expressly pointed out in the item description (negative quality agreement). Insofar as the customer has given his express consent to the negative quality deviation, this defines the subject matter of the contract.<\/p>\n\n\n\n<p>(4) The restrictions evident from the product description or otherwise resulting from the circumstances apply to the sale of digital products, in particular with regard to hardware and\/or software requirements for the target environment. Unless expressly agreed otherwise, the subject of the contract is only the private and commercial use of the products without the right to resell or sublicense.<\/p>\n\n\n\n<p>\u00a7 4 Prices, shipping costs and delivery<\/p>\n\n\n\n<p>(1) The prices listed in the respective offers as well as the shipping costs are total prices and include all price components including all applicable taxes.<\/p>\n\n\n\n<p>(2) The respective purchase price is to be paid before delivery of the product (payment in advance), unless we expressly offer purchase on account. The payment methods available to you are shown under a correspondingly designated button in the online shop or in the respective offer. Unless otherwise stated for the individual payment methods, the payment claims are due for payment immediately.<\/p>\n\n\n\n<p>(3) In addition to the stated prices, shipping costs may apply for the delivery of products, unless the respective item is shown as being free of shipping costs. The shipping costs will be clearly communicated to you again on the offers, if necessary in the shopping cart system and on the order overview.<\/p>\n\n\n\n<p>(4) Unless clearly stated otherwise in the product description, all products offered are ready for immediate dispatch (delivery time: [ Place the value for default_delivery_time_text ] after receipt of payment).<\/p>\n\n\n\n<p>(5) Delivery is worldwide.<\/p>\n\n\n\n<p>\u00a7 5 Updates, updates, obligations of the consumer to cooperate<\/p>\n\n\n\n<p>(1) If a contract for goods with digital elements or for digital products (digital content and services) is concluded with a consumer and the statutory obligation to update is not contractually effectively excluded, the customer will be provided with regular updates that will improve the functionality and (IT -) Ensure the security of the purchased item (e.g. security updates against new security threats, etc.).<\/p>\n\n\n\n<p>(2) We are authorized to use a third party (e.g. the manufacturer or its supplier) to provide the updates.<\/p>\n\n\n\n<p>(3) The period in which updates are provided depends on the type of item purchased and is explained in the item description.<\/p>\n\n\n\n<p>(4) Consumers will be informed about the provision of updates and the proper installation of these ([ Place the value for agbs_v2_digital_aktualisierungs_information ]).<\/p>\n\n\n\n<p>(5) The customer is obliged to install provided updates properly according to the installation instructions.<\/p>\n\n\n\n<p>\u00a7 6 Right of retention, retention of title<\/p>\n\n\n\n<p>(1) You can only exercise a right of retention insofar as it concerns claims from the same contractual relationship.<\/p>\n\n\n\n<p>(2) The goods remain our property until the purchase price has been paid in full.<\/p>\n\n\n\n<p>\u00a7 7 Right of Withdrawal<\/p>\n\n\n\n<p>As a consumer, you have a right of withdrawal. This is based on our cancellation policy.<\/p>\n\n\n\n<p>\u00a7 8 Liability<\/p>\n\n\n\n<p>(1) Subject to the following exceptions, our liability for contractual breaches of duty and for tortious acts is limited to intent or gross negligence.<\/p>\n\n\n\n<p>(2) In the event of slight negligence, we shall be liable without limitation in the event of injury to life, limb or health or in the event of a breach of an essential contractual obligation. If we are in arrears with the service due to slight negligence, if the service has become impossible or if we have violated an essential contractual obligation, liability for property damage and financial losses attributable to this is limited to the foreseeable damage typical of the contract. An essential contractual obligation is one whose fulfillment enables the proper execution of the contract in the first place, the breach of which jeopardizes the achievement of the purpose of the contract and on whose compliance you can regularly rely. This includes in particular our obligation to take action and to fulfill the contractually owed service, which is described in \u00a7 3.<\/p>\n\n\n\n<p>(3) If, when purchasing a good with digital elements or when purchasing digital products (digital content and services), the customer fails to install an update that has been provided to him and of the availability of which he has been informed within a reasonable period of time, he shall be liable we will not be held responsible for a material defect that is solely due to the lack of this update.<\/p>\n\n\n\n<p>\u00a7 9 Contract language<\/p>\n\n\n\n<p>As contract language german will be available exclusively.<\/p>\n\n\n\n<p>\u00a7 10 Warranty<\/p>\n\n\n\n<p>(1) The warranty is based on the statutory provisions.<\/p>\n\n\n\n<p>(2) In relation to entrepreneurs, the warranty period for delivered items is 12 months.<\/p>\n\n\n\n<p>(3) As a consumer, you are asked to check the item\/the digital goods or the service provided immediately upon fulfillment of the contract for completeness, obvious defects and transport damage and to notify us and the carrier of any complaints as quickly as possible. If you do not comply, this will of course have no effect on your statutory warranty claims.<\/p>\n\n\n\n<p>\u00a7 11 Final Provisions\/Dispute Resolution<\/p>\n\n\n\n<p>(1) German law applies. For consumers, this choice of law only applies insofar as the protection provided by mandatory provisions of the law of the state of the consumer&#8217;s habitual residence is not withdrawn (principle of favourability).<\/p>\n\n\n\n<p>(2) The provisions of the UN Sales Convention expressly do not apply.<\/p>\n\n\n\n<p>(3) If the customer is a merchant, a legal entity under public law or a special fund under public law, the place of jurisdiction for all disputes arising from contractual relationships between the customer and the provider is the location of the provider.<\/p>\n\n\n\n<p>(4) The European Commission provides a platform for online dispute resolution (OS), which you can find at https:\/\/ec.europa.eu\/consumers\/odr. We are neither obliged nor willing to participate in a dispute settlement procedure before a consumer arbitration board.<\/p>\n","protected":false},"excerpt":{"rendered":"<p>Allgemeine Gesch\u00e4ftsbedingungen \u00a7 1 Geltung, Begriffsdefinitionen (1) Textilvertrieb Zink, Zwinger 12, 97070 W\u00fcrzburg, Deutschland (im Folgenden: \u201ewir\u201c oder \u201eMonkey &amp; Co.\u201c) betreibt unter der Webseite https:\/\/monkeyandco.com einen Online-Shop f\u00fcr Waren und Digitale G\u00fcter. Die nachfolgenden allgemeinen Gesch\u00e4ftsbedingungen gelten f\u00fcr alle Leistungen zwischen uns und unseren Kunden (im Folgenden: \u201eKunde\u201c oder \u201eSie\u201c) in ihrer zum Zeitpunkt [&hellip;]<\/p>\n","protected":false},"author":1,"featured_media":0,"parent":0,"menu_order":0,"comment_status":"closed","ping_status":"closed","template":"","meta":{"inline_featured_image":false,"footnotes":""},"class_list":["post-23","page","type-page","status-publish","hentry"],"_links":{"self":[{"href":"https:\/\/monkeyandco.com\/en\/wp-json\/wp\/v2\/pages\/23","targetHints":{"allow":["GET"]}}],"collection":[{"href":"https:\/\/monkeyandco.com\/en\/wp-json\/wp\/v2\/pages"}],"about":[{"href":"https:\/\/monkeyandco.com\/en\/wp-json\/wp\/v2\/types\/page"}],"author":[{"embeddable":true,"href":"https:\/\/monkeyandco.com\/en\/wp-json\/wp\/v2\/users\/1"}],"replies":[{"embeddable":true,"href":"https:\/\/monkeyandco.com\/en\/wp-json\/wp\/v2\/comments?post=23"}],"version-history":[{"count":8,"href":"https:\/\/monkeyandco.com\/en\/wp-json\/wp\/v2\/pages\/23\/revisions"}],"predecessor-version":[{"id":161,"href":"https:\/\/monkeyandco.com\/en\/wp-json\/wp\/v2\/pages\/23\/revisions\/161"}],"wp:attachment":[{"href":"https:\/\/monkeyandco.com\/en\/wp-json\/wp\/v2\/media?parent=23"}],"curies":[{"name":"wp","href":"https:\/\/api.w.org\/{rel}","templated":true}]}}