{"id":26,"date":"2022-10-10T15:21:20","date_gmt":"2022-10-10T13:21:20","guid":{"rendered":"https:\/\/monkeyandco.com\/en\/?page_id=26"},"modified":"2022-10-10T16:36:15","modified_gmt":"2022-10-10T14:36:15","slug":"cancellation-policy","status":"publish","type":"page","link":"https:\/\/monkeyandco.com\/en\/cancellation-policy\/","title":{"rendered":"Cancellation Policy"},"content":{"rendered":"\n<h3 class=\"wp-block-heading\">Widerrufsrecht f\u00fcr Verbraucher<\/h3>\n\n\n\n<p>(Verbraucher ist jede nat\u00fcrliche Person, die ein Rechtsgesch\u00e4ft zu Zwecken abschlie\u00dft, die \u00fcberwiegend weder ihrer gewerblichen noch ihrer selbstst\u00e4ndigen beruflichen T\u00e4tigkeit zugerechnet werden kann.)<\/p>\n\n\n\n<h1 class=\"wp-block-heading\">Widerrufsbelehrung<\/h1>\n\n\n\n<h3 class=\"wp-block-heading\">Widerrufsrecht<\/h3>\n\n\n\n<p>Sie haben das Recht, binnen vierzehn Tagen ohne Angabe von Gr\u00fcnden diesen Vertrag zu widerrufen.<\/p>\n\n\n\n<p>Die Widerrufsfrist betr\u00e4gt vierzehn Tage ab dem Tag des Vertragsabschlusses.<\/p>\n\n\n\n<p>Um Ihr Widerrufsrecht auszu\u00fcben, m\u00fcssen Sie uns (Sandra Zink, Zwinger 12, 97070 W\u00fcrzburg, Deutschland, Telefonnummer: 0931-4651534, E-Mail-Adresse: info@monkeyandco.com)&nbsp;mittels einer eindeutigen Erkl\u00e4rung (z.B. ein mit der Post versandter Brief, E-Mail) \u00fcber Ihren Entschluss, diesen Vertrag zu widerrufen, informieren. Sie k\u00f6nnen daf\u00fcr das beigef\u00fcgte Muster-Widerrufsformular verwenden, das jedoch nicht vorgeschrieben ist.<\/p>\n\n\n\n<p>Zur Wahrung der Widerrufsfrist reicht es aus, dass Sie die Mitteilung \u00fcber die Aus\u00fcbung des Widerrufsrechts vor Ablauf der Widerrufsfrist absenden.<\/p>\n\n\n\n<h3 class=\"wp-block-heading\">Folgen des Widerrufs<\/h3>\n\n\n\n<p>Wenn Sie diesen Vertrag widerrufen, haben wir Ihnen alle Zahlungen, die wir von Ihnen erhalten haben, einschlie\u00dflich der Lieferkosten (mit Ausnahme der zus\u00e4tzlichen Kosten, die sich daraus ergeben, dass Sie eine andere Art der Lieferung als die von uns angebotene, g\u00fcnstigste Standardlieferung gew\u00e4hlt haben), unverz\u00fcglich und sp\u00e4testens binnen vierzehn Tagen ab dem Tag zur\u00fcckzuzahlen, an dem die Mitteilung \u00fcber Ihren Widerruf dieses Vertrags bei uns eingegangen ist. F\u00fcr diese R\u00fcckzahlung verwenden wir dasselbe Zahlungsmittel, das Sie bei der urspr\u00fcnglichen Transaktion eingesetzt haben, es sei denn, mit Ihnen wurde ausdr\u00fccklich etwas anderes vereinbart; in keinem Fall werden Ihnen wegen dieser R\u00fcckzahlung Entgelte berechnet.<\/p>\n\n\n\n<h2 class=\"wp-block-heading\">Muster-Widerrufsformular<\/h2>\n\n\n\n<p>(Wenn Sie den Vertrag widerrufen wollen, dann f\u00fcllen Sie bitte dieses Formular aus und senden Sie es zur\u00fcck.)<\/p>\n\n\n\n<p>\u2013 An<\/p>\n\n\n\n<p>Sandra Zink, Zwinger 12, 97070 W\u00fcrzburg, Deutschland, Telefonnummer: 0931-4651534, E-Mail-Adresse: info@monkeyandco.com<\/p>\n\n\n\n<p>\u2013 Hiermit widerrufe(n) ich\/wir (*) den von mir\/uns (*) abgeschlossenen Vertrag \u00fcber den Kauf der folgenden Waren (*)\/ die Erbringung der folgenden Dienstleistung (*)<\/p>\n\n\n\n<p>\u2013 Bestellt am (*)\/erhalten am (*)<\/p>\n\n\n\n<p>\u2013 Name des\/der Verbraucher(s)<\/p>\n\n\n\n<p>\u2013 Anschrift des\/der Verbraucher(s)<\/p>\n\n\n\n<p>\u2013 Unterschrift des\/der Verbraucher(s) (nur bei Mitteilung auf Papier)<\/p>\n\n\n\n<p>\u2013 Datum<\/p>\n\n\n\n<p>___________<br>(*) Unzutreffendes streichen.<\/p>\n\n\n\n<hr class=\"wp-block-separator has-alpha-channel-opacity\"\/>\n\n\n\n<h2 class=\"wp-block-heading\">The following has been translated automatically from the above text:<\/h2>\n\n\n\n<p>Right of Withdrawal<\/p>\n\n\n\n<p>(A consumer is any natural person who enters into a legal transaction for purposes that are predominantly neither commercial nor self-employed.)<\/p>\n\n\n\n<p>Right of withdrawal<\/p>\n\n\n\n<p>You have the right to withdraw from this contract within fourteen days without giving any reason.<\/p>\n\n\n\n<p>The cancellation period is fourteen days from the day the contract was concluded.<\/p>\n\n\n\n<p>In order to exercise your right of withdrawal, you must send us (Sandra Zink, Zwinger 12, 97070 W\u00fcrzburg, Germany, telephone number: 0931-4651534, e-mail address: info@monkeyandco.com) a clear statement (e.g. a letter sent by post , e-mail) about your decision to withdraw from this contract. You can use the attached sample revocation form for this, but this is not mandatory.<\/p>\n\n\n\n<p>To meet the cancellation deadline, it is sufficient for you to send the communication regarding your exercise of the right of cancellation before the cancellation period has expired.<\/p>\n\n\n\n<p>Consequences of revocation<\/p>\n\n\n\n<p>If you revoke this contract, we have paid you all payments that we have received from you, including the delivery costs (with the exception of the additional costs resulting from the fact that you have chosen a different type of delivery than the cheapest standard delivery offered by us have), immediately and at the latest within fourteen days from the day on which we received the notification of your cancellation of this contract. For this repayment, we use the same means of payment that you used in the original transaction, unless something else was expressly agreed with you; under no circumstances will you be charged fees for this repayment.<\/p>\n\n\n\n<p>Sample cancellation form<\/p>\n\n\n\n<p>(If you want to revoke the contract, please fill out this form and send it back.)<\/p>\n\n\n\n<ul class=\"wp-block-list\"><li>To<\/li><\/ul>\n\n\n\n<p>Sandra Zink, Zwinger 12, 97070 W\u00fcrzburg, Germany, telephone number: 0931-4651534, email address: info@monkeyandco.com<\/p>\n\n\n\n<p>\u2013 I\/we (<em>) hereby revoke the contract concluded by me\/us (<\/em>) for the purchase of the following goods (<em>)\/ the provision of the following service (<\/em>)<\/p>\n\n\n\n<p>\u2013 Ordered on (<em>)\/received on (<\/em>)<\/p>\n\n\n\n<p>\u2013 Name of consumer(s)<\/p>\n\n\n\n<p>\u2013 Address of the consumer(s)<\/p>\n\n\n\n<p>\u2013 Signature of the consumer(s) (only if notification is made on paper)<\/p>\n\n\n\n<ul class=\"wp-block-list\"><li>Date<\/li><\/ul>\n\n\n\n<hr class=\"wp-block-separator has-alpha-channel-opacity\"\/>\n\n\n\n<p>(*) Delete where not applicable.<\/p>\n","protected":false},"excerpt":{"rendered":"<p>Widerrufsrecht f\u00fcr Verbraucher (Verbraucher ist jede nat\u00fcrliche Person, die ein Rechtsgesch\u00e4ft zu Zwecken abschlie\u00dft, die \u00fcberwiegend weder ihrer gewerblichen noch ihrer selbstst\u00e4ndigen beruflichen T\u00e4tigkeit zugerechnet werden kann.) Widerrufsbelehrung Widerrufsrecht Sie haben das Recht, binnen vierzehn Tagen ohne Angabe von Gr\u00fcnden diesen Vertrag zu widerrufen. Die Widerrufsfrist betr\u00e4gt vierzehn Tage ab dem Tag des Vertragsabschlusses. Um [&hellip;]<\/p>\n","protected":false},"author":1,"featured_media":0,"parent":0,"menu_order":0,"comment_status":"closed","ping_status":"closed","template":"","meta":{"inline_featured_image":false,"footnotes":""},"class_list":["post-26","page","type-page","status-publish","hentry"],"_links":{"self":[{"href":"https:\/\/monkeyandco.com\/en\/wp-json\/wp\/v2\/pages\/26","targetHints":{"allow":["GET"]}}],"collection":[{"href":"https:\/\/monkeyandco.com\/en\/wp-json\/wp\/v2\/pages"}],"about":[{"href":"https:\/\/monkeyandco.com\/en\/wp-json\/wp\/v2\/types\/page"}],"author":[{"embeddable":true,"href":"https:\/\/monkeyandco.com\/en\/wp-json\/wp\/v2\/users\/1"}],"replies":[{"embeddable":true,"href":"https:\/\/monkeyandco.com\/en\/wp-json\/wp\/v2\/comments?post=26"}],"version-history":[{"count":2,"href":"https:\/\/monkeyandco.com\/en\/wp-json\/wp\/v2\/pages\/26\/revisions"}],"predecessor-version":[{"id":36,"href":"https:\/\/monkeyandco.com\/en\/wp-json\/wp\/v2\/pages\/26\/revisions\/36"}],"wp:attachment":[{"href":"https:\/\/monkeyandco.com\/en\/wp-json\/wp\/v2\/media?parent=26"}],"curies":[{"name":"wp","href":"https:\/\/api.w.org\/{rel}","templated":true}]}}