{"id":28,"date":"2022-10-10T15:31:08","date_gmt":"2022-10-10T13:31:08","guid":{"rendered":"https:\/\/monkeyandco.com\/en\/?page_id=28"},"modified":"2024-12-02T15:58:40","modified_gmt":"2024-12-02T14:58:40","slug":"imprint","status":"publish","type":"page","link":"https:\/\/monkeyandco.com\/en\/imprint\/","title":{"rendered":"Imprint"},"content":{"rendered":"\n<h2 class=\"wp-block-heading\" id=\"m46\">Diensteanbieter<\/h2>\n\n\n\n<p>Textilvertrieb Zink<\/p>\n\n\n\n<p>Zwinger 12<\/p>\n\n\n\n<p>97070 W\u00fcrzburg<\/p>\n\n\n\n<p>Deutschland<\/p>\n\n\n\n<h2 class=\"wp-block-heading\" id=\"m56\">Kontaktm\u00f6glichkeiten<\/h2>\n\n\n\n<p>E-Mail-Adresse:<\/p>\n\n\n\n<p><a href=\"mailto:info@monkeyandco.com\">info@monkeyandco.com<\/a><br>Telefon:<\/p>\n\n\n\n<p>0931-4651534<\/p>\n\n\n\n<h2 class=\"wp-block-heading\" id=\"m58\">Angaben zum Unternehmen<\/h2>\n\n\n\n<p>AGB:<\/p>\n\n\n\n<figure class=\"wp-block-embed is-type-wp-embed is-provider-monkey-amp-co wp-block-embed-monkey-amp-co\"><div class=\"wp-block-embed__wrapper\">\n<div class=\"cc_content_blocker cc_content_monkeyandco\"><div class=\"cc_iframe cc_content_monkeyandco\" style=\"display:none;\" data-src=\"https:\/\/monkeyandco.com\/agb\" src=\"about:blank\" width=\"500\" height=\"282\" data-name=\"monkeyandco\"><\/div><p class=\"cc_accept_box\">To show this content you have to accept our cookies.<br><span class=\"\"><input type=\"checkbox\" class=\"cc_checkbox\" name=\"set_cookie\" id=\"set_cookie_2993be16eddf42d449c06857e595a00ff9fe3b90\" value=\"on\" data-version=\"1\" data-name=\"cookie-cracker\" data-lifetime=\"90\"><label for=\"set_cookie_2993be16eddf42d449c06857e595a00ff9fe3b90\"> Always load iFrames from monkeyandco<\/label><\/span><br><button class=\"cc_iframe_button button\">Accept and view<\/button><\/p><\/div>\n<\/div><\/figure>\n\n\n\n<h2 class=\"wp-block-heading\" id=\"m172\">Social Media und andere Onlinepr\u00e4senzen<\/h2>\n\n\n\n<p><\/p>\n\n\n\n<p>Haftungshinweis: Trotz sorgf\u00e4ltiger inhaltlicher Kontrolle \u00fcbernehmen wir keine Haftung f\u00fcr die Inhalte externer Verweise.<br>F\u00fcr den Inhalt der verlinkten Seiten sind ausschlie\u00dflich deren Betreiber verantwortlich.<br>Der gesamte Inhalt dieser Internetpr\u00e4senz, einschlie\u00dflich der Texte, Graphiken und Bilder sind unser Eigentum oder das unserer Kooperationspartner. Diese Inhalte sind durch Urheberrechte und andere Rechte gesch\u00fctzt. Ihre Verwendung ist nur mit unserer ausdr\u00fccklichen Zustimmung gestattet. Alle auf dieser Internetpr\u00e4senz verwendeten Markenzeichen sind \u2013 soweit nicht anders angegeben \u2013 von uns eingetragene Markenzeichen. Diese d\u00fcrfen ohne unsere vorherige schriftliche Genehmigung nicht verwendet werden.<\/p>\n\n\n\n<p><a rel=\"noreferrer noopener\" href=\"https:\/\/datenschutz-generator.de\/\" target=\"_blank\">Erstellt mit kostenlosem Datenschutz-Generator.de von Dr. Thomas Schwenke<\/a><\/p>\n\n\n\n<hr class=\"wp-block-separator has-alpha-channel-opacity\"\/>\n\n\n\n<h2 class=\"wp-block-heading\">The following has been automatically translated from the text above:<\/h2>\n\n\n\n<h2 class=\"wp-block-heading\" id=\"m46\">Service Provider<\/h2>\n\n\n\n<p>Textilvertrieb Zink<\/p>\n\n\n\n<p>Zwinger 12<\/p>\n\n\n\n<p>97070 W\u00fcrzburg<\/p>\n\n\n\n<p>Deutschland<\/p>\n\n\n\n<h2 class=\"wp-block-heading\" id=\"m56\">Contact<\/h2>\n\n\n\n<p>E-Mail-Adresse:<\/p>\n\n\n\n<p><a href=\"mailto:info@monkeyandco.com\">info@monkeyandco.com<\/a><br>Telefon:<\/p>\n\n\n\n<p>0931-4651534<\/p>\n\n\n\n<h2 class=\"wp-block-heading\" id=\"m58\">Information<\/h2>\n\n\n\n<p>AGB:<\/p>\n\n\n\n<figure class=\"wp-block-embed is-type-wp-embed is-provider-monkey-co wp-block-embed-monkey-co\"><div class=\"wp-block-embed__wrapper\">\n<div class=\"cc_content_blocker cc_content_monkeyandco\"><div class=\"cc_iframe cc_content_monkeyandco\" style=\"display:none;\" data-src=\"https:\/\/monkeyandco.com\/en\/terms-of-service\/\" src=\"about:blank\" width=\"500\" height=\"282\" data-name=\"monkeyandco\"><\/div><p class=\"cc_accept_box\">To show this content you have to accept our cookies.<br><span class=\"\"><input type=\"checkbox\" class=\"cc_checkbox\" name=\"set_cookie\" id=\"set_cookie_f51312251d79a5ed8a251e40170c586d90d6baa4\" value=\"on\" data-version=\"1\" data-name=\"cookie-cracker\" data-lifetime=\"90\"><label for=\"set_cookie_f51312251d79a5ed8a251e40170c586d90d6baa4\"> Always load iFrames from monkeyandco<\/label><\/span><br><button class=\"cc_iframe_button button\">Accept and view<\/button><\/p><\/div>\n<\/div><\/figure>\n\n\n\n<h2 class=\"wp-block-heading\" id=\"m172\">Social Media and other online presence<\/h2>\n\n\n\n<p id=\"tw-target-text\">Disclaimer: Despite careful control of content, we assume no liability for the content of external links. The operators of the linked pages are solely responsible for their content. The entire content of this website, including text, graphics and images, is our property or that of our cooperation partners. This content is protected by copyright and other rights. Their use is only permitted with our express consent. Unless otherwise stated, all trademarks used on this website are trademarks registered by us. These may not be used without our prior written permission.<\/p>\n\n\n\n<p><a href=\"https:\/\/datenschutz-generator.de\/\" target=\"_blank\" rel=\"noreferrer noopener\">Erstellt mit kostenlosem Datenschutz-Generator.de von Dr. Thomas Schwenke<\/a><\/p>\n","protected":false},"excerpt":{"rendered":"<p>Diensteanbieter Textilvertrieb Zink Zwinger 12 97070 W\u00fcrzburg Deutschland Kontaktm\u00f6glichkeiten E-Mail-Adresse: info@monkeyandco.comTelefon: 0931-4651534 Angaben zum Unternehmen AGB: Social Media und andere Onlinepr\u00e4senzen Haftungshinweis: Trotz sorgf\u00e4ltiger inhaltlicher Kontrolle \u00fcbernehmen wir keine Haftung f\u00fcr die Inhalte externer Verweise.F\u00fcr den Inhalt der verlinkten Seiten sind ausschlie\u00dflich deren Betreiber verantwortlich.Der gesamte Inhalt dieser Internetpr\u00e4senz, einschlie\u00dflich der Texte, Graphiken und Bilder [&hellip;]<\/p>\n","protected":false},"author":1,"featured_media":0,"parent":0,"menu_order":0,"comment_status":"closed","ping_status":"closed","template":"","meta":{"inline_featured_image":false,"footnotes":""},"class_list":["post-28","page","type-page","status-publish","hentry"],"_links":{"self":[{"href":"https:\/\/monkeyandco.com\/en\/wp-json\/wp\/v2\/pages\/28","targetHints":{"allow":["GET"]}}],"collection":[{"href":"https:\/\/monkeyandco.com\/en\/wp-json\/wp\/v2\/pages"}],"about":[{"href":"https:\/\/monkeyandco.com\/en\/wp-json\/wp\/v2\/types\/page"}],"author":[{"embeddable":true,"href":"https:\/\/monkeyandco.com\/en\/wp-json\/wp\/v2\/users\/1"}],"replies":[{"embeddable":true,"href":"https:\/\/monkeyandco.com\/en\/wp-json\/wp\/v2\/comments?post=28"}],"version-history":[{"count":4,"href":"https:\/\/monkeyandco.com\/en\/wp-json\/wp\/v2\/pages\/28\/revisions"}],"predecessor-version":[{"id":165,"href":"https:\/\/monkeyandco.com\/en\/wp-json\/wp\/v2\/pages\/28\/revisions\/165"}],"wp:attachment":[{"href":"https:\/\/monkeyandco.com\/en\/wp-json\/wp\/v2\/media?parent=28"}],"curies":[{"name":"wp","href":"https:\/\/api.w.org\/{rel}","templated":true}]}}