{"id":51,"date":"2022-10-06T16:03:05","date_gmt":"2022-10-06T14:03:05","guid":{"rendered":"https:\/\/monkeyandco.com\/es\/?page_id=51"},"modified":"2024-12-02T16:01:21","modified_gmt":"2024-12-02T15:01:21","slug":"derecho-a-revocacion","status":"publish","type":"page","link":"https:\/\/monkeyandco.com\/es\/derecho-a-revocacion\/","title":{"rendered":"Derecho a revocaci\u00f3n"},"content":{"rendered":"\n<h3 class=\"wp-block-heading\">Wiederrufsrecht f\u00fcr Verbraucher<\/h3>\n\n\n\n<p>(Verbraucher ist jede nat\u00fcrliche Person, die ein Rechtsgesch\u00e4ft zu Zwecken abschlie\u00dft, die \u00fcberwiegend weder ihrer gewerblichen noch ihrer selbstst\u00e4ndigen beruflichen T\u00e4tigkeit zugerechnet werden kann.)<\/p>\n\n\n\n<h1 class=\"wp-block-heading\">Wiederrufsbelehrung<\/h1>\n\n\n\n<h3 class=\"wp-block-heading\">Wiederrufsrecht<\/h3>\n\n\n\n<p>Sie haben das Recht, binnen vierzehn Tagen ohne Angabe von Gr\u00fcnden diesen Vertrag zu widerrufen.<\/p>\n\n\n\n<p>Die Widerrufsfrist betr\u00e4gt vierzehn Tage ab dem Tag des Vertragsabschlusses.<\/p>\n\n\n\n<p>Um Ihr Widerrufsrecht auszu\u00fcben, m\u00fcssen Sie uns (Textilvertrieb Zink, Zwinger 12, 97070 W\u00fcrzburg, Deutschland, Telefonnummer: 0931-4651534, E-Mail-Adresse: info@monkeyandco.com)\u00a0mittels einer eindeutigen Erkl\u00e4rung (z.B. ein mit der Post versandter Brief, E-Mail) \u00fcber Ihren Entschluss, diesen Vertrag zu widerrufen, informieren. Sie k\u00f6nnen daf\u00fcr das beigef\u00fcgte Muster-Widerrufsformular verwenden, das jedoch nicht vorgeschrieben ist.<\/p>\n\n\n\n<p>Zur Wahrung der Widerrufsfrist reicht es aus, dass Sie die Mitteilung \u00fcber die Aus\u00fcbung des Widerrufsrechts vor Ablauf der Widerrufsfrist absenden.<\/p>\n\n\n\n<h3 class=\"wp-block-heading\">Folgen des Widerrufs<\/h3>\n\n\n\n<p>Wenn Sie diesen Vertrag widerrufen, haben wir Ihnen alle Zahlungen, die wir von Ihnen erhalten haben, einschlie\u00dflich der Lieferkosten (mit Ausnahme der zus\u00e4tzlichen Kosten, die sich daraus ergeben, dass Sie eine andere Art der Lieferung als die von uns angebotene, g\u00fcnstigste Standardlieferung gew\u00e4hlt haben), unverz\u00fcglich und sp\u00e4testens binnen vierzehn Tagen ab dem Tag zur\u00fcckzuzahlen, an dem die Mitteilung \u00fcber Ihren Widerruf dieses Vertrags bei uns eingegangen ist. F\u00fcr diese R\u00fcckzahlung verwenden wir dasselbe Zahlungsmittel, das Sie bei der urspr\u00fcnglichen Transaktion eingesetzt haben, es sei denn, mit Ihnen wurde ausdr\u00fccklich etwas anderes vereinbart; in keinem Fall werden Ihnen wegen dieser R\u00fcckzahlung Entgelte berechnet.<\/p>\n\n\n\n<h2 class=\"wp-block-heading\">Muster-Widerrufsformular<\/h2>\n\n\n\n<p>(Wenn Sie den Vertrag widerrufen wollen, dann f\u00fcllen Sie bitte dieses Formular aus und senden Sie es zur\u00fcck.)<\/p>\n\n\n\n<p>\u2013 An<\/p>\n\n\n\n<p>Textilvertrieb Zink, Zwinger 12, 97070 W\u00fcrzburg, Deutschland, Telefonnummer: 0931-4651534, E-Mail-Adresse: info@monkeyandco.com<\/p>\n\n\n\n<p>\u2013 Hiermit widerrufe(n) ich\/wir (*) den von mir\/uns (*) abgeschlossenen Vertrag \u00fcber den Kauf der folgenden Waren (*)\/ die Erbringung der folgenden Dienstleistung (*)<\/p>\n\n\n\n<p>\u2013 Bestellt am (*)\/erhalten am (*)<\/p>\n\n\n\n<p>\u2013 Name des\/der Verbraucher(s)<\/p>\n\n\n\n<p>\u2013 Anschrift des\/der Verbraucher(s)<\/p>\n\n\n\n<p>\u2013 Unterschrift des\/der Verbraucher(s) (nur bei Mitteilung auf Papier)<\/p>\n\n\n\n<p>\u2013 Datum<\/p>\n\n\n\n<p>___________<br>(*) Unzutreffendes streichen.<\/p>\n\n\n\n<hr class=\"wp-block-separator has-alpha-channel-opacity\"\/>\n\n\n\n<h2 class=\"wp-block-heading\">El texto siguiente ha sido autom\u00e1ticamente traducido del texto anterior:<\/h2>\n\n\n\n<p>(Un consumidor es cualquier persona f\u00edsica que realiza una transacci\u00f3n legal con fines que no son predominantemente comerciales ni por cuenta propia).<\/p>\n\n\n\n<h2 class=\"wp-block-heading\">Instrucciones de revocaci\u00f3n<\/h2>\n\n\n\n<p>Tiene derecho a desistir de este contrato en un plazo de catorce d\u00edas sin necesidad de justificaci\u00f3n.<\/p>\n\n\n\n<p>El plazo de cancelaci\u00f3n es de catorce d\u00edas a partir de la fecha de celebraci\u00f3n del contrato.<\/p>\n\n\n\n<p>Para ejercer su derecho de desistimiento, debe enviarnos (Textilvertrieb Zink, Zwinger 12, 97070 W\u00fcrzburg, Alemania, n\u00famero de tel\u00e9fono: 0931-4651534, direcci\u00f3n de correo electr\u00f3nico: info@monkeyandco.com) una declaraci\u00f3n clara (por ejemplo, una carta enviado por correo postal, correo electr\u00f3nico) sobre su decisi\u00f3n de desistir de este contrato.<\/p>\n\n\n\n<p>Puede usar el formulario de revocaci\u00f3n de muestra adjunto para esto, pero no es obligatorio.<\/p>\n\n\n\n<p>Para cumplir el plazo de cancelaci\u00f3n, basta con que env\u00ede la comunicaci\u00f3n relativa al ejercicio del derecho de cancelaci\u00f3n antes de que finalice el plazo de cancelaci\u00f3n.<\/p>\n\n\n\n<h3 class=\"wp-block-heading\">Consecuencias de la revocaci\u00f3n<\/h3>\n\n\n\n<p>Si revoca este contrato, le pagaremos todos los pagos que hayamos recibido de usted, incluidos los costos de env\u00edo (con la excepci\u00f3n de los costos adicionales resultantes del hecho de que haya elegido un tipo de env\u00edo diferente al env\u00edo est\u00e1ndar m\u00e1s barato ofrecido). por nosotros), de inmediato y, a m\u00e1s tardar, dentro de los catorce d\u00edas a partir del d\u00eda en que recibimos la notificaci\u00f3n de su cancelaci\u00f3n de este contrato. Para este reembolso, utilizamos el mismo medio de pago que utiliz\u00f3 en la transacci\u00f3n original, a menos que se haya acordado expresamente otra cosa con usted; en ning\u00fan caso se le cobrar\u00e1n comisiones por esta devoluci\u00f3n.<\/p>\n\n\n\n<h3 class=\"wp-block-heading\">Ejemplo de formulario de cancelaci\u00f3n<\/h3>\n\n\n\n<p>(Si desea revocar el contrato, complete este formulario y env\u00edelo de regreso).<\/p>\n\n\n\n<ul class=\"wp-block-list\">\n<li>Dirigido a<br>Textilvertrieb Zink, Zwinger 12, 97070 W\u00fcrzburg, Alemania, n\u00famero de tel\u00e9fono: 0931-4651534, direcci\u00f3n de correo electr\u00f3nico: info@monkeyandco.com<\/li>\n\n\n\n<li>\u2013 Yo\/nosotros (<em>) por la presente revoco\/revoco el contrato celebrado por m\u00ed\/nosotros (<\/em>) para la compra de los siguientes bienes (<em>)\/ la prestaci\u00f3n del siguiente servicio (<\/em>)<\/li>\n\n\n\n<li>\u2013 Pedido el (<em>)\/recibido el (<\/em>)<\/li>\n\n\n\n<li>\u2013 Nombre del consumidor(es)<\/li>\n\n\n\n<li>\u2013 Direcci\u00f3n del consumidor(es)<\/li>\n\n\n\n<li>\u2013 Firma del consumidor o consumidores (solo si la notificaci\u00f3n se realiza en papel)<\/li>\n\n\n\n<li>Fecha<\/li>\n<\/ul>\n\n\n\n<p>(*) Eliminar lo que no corresponda.<\/p>\n","protected":false},"excerpt":{"rendered":"<p>Wiederrufsrecht f\u00fcr Verbraucher (Verbraucher ist jede nat\u00fcrliche Person, die ein Rechtsgesch\u00e4ft zu Zwecken abschlie\u00dft, die \u00fcberwiegend weder ihrer gewerblichen noch ihrer selbstst\u00e4ndigen beruflichen T\u00e4tigkeit zugerechnet werden kann.) Wiederrufsbelehrung Wiederrufsrecht Sie haben das Recht, binnen vierzehn Tagen ohne Angabe von Gr\u00fcnden diesen Vertrag zu widerrufen. Die Widerrufsfrist betr\u00e4gt vierzehn Tage ab dem Tag des Vertragsabschlusses. Um [&hellip;]<\/p>\n","protected":false},"author":1,"featured_media":0,"parent":0,"menu_order":0,"comment_status":"closed","ping_status":"closed","template":"","meta":{"inline_featured_image":false,"footnotes":""},"class_list":["post-51","page","type-page","status-publish","hentry"],"_links":{"self":[{"href":"https:\/\/monkeyandco.com\/es\/wp-json\/wp\/v2\/pages\/51","targetHints":{"allow":["GET"]}}],"collection":[{"href":"https:\/\/monkeyandco.com\/es\/wp-json\/wp\/v2\/pages"}],"about":[{"href":"https:\/\/monkeyandco.com\/es\/wp-json\/wp\/v2\/types\/page"}],"author":[{"embeddable":true,"href":"https:\/\/monkeyandco.com\/es\/wp-json\/wp\/v2\/users\/1"}],"replies":[{"embeddable":true,"href":"https:\/\/monkeyandco.com\/es\/wp-json\/wp\/v2\/comments?post=51"}],"version-history":[{"count":5,"href":"https:\/\/monkeyandco.com\/es\/wp-json\/wp\/v2\/pages\/51\/revisions"}],"predecessor-version":[{"id":157,"href":"https:\/\/monkeyandco.com\/es\/wp-json\/wp\/v2\/pages\/51\/revisions\/157"}],"wp:attachment":[{"href":"https:\/\/monkeyandco.com\/es\/wp-json\/wp\/v2\/media?parent=51"}],"curies":[{"name":"wp","href":"https:\/\/api.w.org\/{rel}","templated":true}]}}