{"id":59,"date":"2022-10-10T17:42:52","date_gmt":"2022-10-10T15:42:52","guid":{"rendered":"https:\/\/monkeyandco.com\/es\/?page_id=59"},"modified":"2024-12-02T16:02:00","modified_gmt":"2024-12-02T15:02:00","slug":"pie-de-imprenta","status":"publish","type":"page","link":"https:\/\/monkeyandco.com\/es\/pie-de-imprenta\/","title":{"rendered":"Pie de Imprenta"},"content":{"rendered":"\n<h2 class=\"wp-block-heading\" id=\"m46\">Diensteanbieter<\/h2>\n\n\n\n<p>Textilvertrieb Zink<\/p>\n\n\n\n<p>Zwinger 12<\/p>\n\n\n\n<p>97070 W\u00fcrzburg<\/p>\n\n\n\n<p>Deutschland<\/p>\n\n\n\n<h2 class=\"wp-block-heading\" id=\"m56\">Kontaktm\u00f6glichkeiten<\/h2>\n\n\n\n<p>E-Mail-Adresse:<\/p>\n\n\n\n<p><a href=\"mailto:info@monkeyandco.com\">info@monkeyandco.com<\/a><br>Telefon:<\/p>\n\n\n\n<p>0931-4651534<\/p>\n\n\n\n<h2 class=\"wp-block-heading\" id=\"m58\">Angaben zum Unternehmen<\/h2>\n\n\n\n<p>AGB:<\/p>\n\n\n\n<figure class=\"wp-block-embed is-type-wp-embed is-provider-monkey-amp-co wp-block-embed-monkey-amp-co\"><div class=\"wp-block-embed__wrapper\">\n<div class=\"cc_content_blocker cc_content_monkeyandco\"><div class=\"cc_iframe cc_content_monkeyandco\" style=\"display:none;\" data-src=\"https:\/\/monkeyandco.com\/agb\" src=\"about:blank\" width=\"500\" height=\"282\" data-name=\"monkeyandco\"><\/div><p class=\"cc_accept_box\">Para mostrar este contenido tienes que aceptar nuestras cookies.<br><span class=\"\"><input type=\"checkbox\" class=\"cc_checkbox\" name=\"set_cookie\" id=\"set_cookie_84e1e28f48c0d90906c3a0479818a2a101be86ab\" value=\"on\" data-version=\"1\" data-name=\"cookie-cracker\" data-lifetime=\"90\"><label for=\"set_cookie_84e1e28f48c0d90906c3a0479818a2a101be86ab\"> Always load iFrames from monkeyandco<\/label><\/span><br><button class=\"cc_iframe_button button\">Accept and view<\/button><\/p><\/div>\n<\/div><\/figure>\n\n\n\n<h2 class=\"wp-block-heading\" id=\"m172\">Social Media und andere Onlinepr\u00e4senzen<\/h2>\n\n\n\n<p><\/p>\n\n\n\n<p>Haftungshinweis: Trotz sorgf\u00e4ltiger inhaltlicher Kontrolle \u00fcbernehmen wir keine Haftung f\u00fcr die Inhalte externer Verweise.<br>F\u00fcr den Inhalt der verlinkten Seiten sind ausschlie\u00dflich deren Betreiber verantwortlich.<br>Der gesamte Inhalt dieser Internetpr\u00e4senz, einschlie\u00dflich der Texte, Graphiken und Bilder sind unser Eigentum oder das unserer Kooperationspartner. Diese Inhalte sind durch Urheberrechte und andere Rechte gesch\u00fctzt. Ihre Verwendung ist nur mit unserer ausdr\u00fccklichen Zustimmung gestattet. Alle auf dieser Internetpr\u00e4senz verwendeten Markenzeichen sind \u2013 soweit nicht anders angegeben \u2013 von uns eingetragene Markenzeichen. Diese d\u00fcrfen ohne unsere vorherige schriftliche Genehmigung nicht verwendet werden.<\/p>\n\n\n\n<p><a rel=\"noreferrer noopener\" href=\"https:\/\/datenschutz-generator.de\/\" target=\"_blank\">Erstellt mit kostenlosem Datenschutz-Generator.de von Dr. Thomas Schwenke<\/a><\/p>\n\n\n\n<hr class=\"wp-block-separator has-alpha-channel-opacity\"\/>\n\n\n\n<p>El siguiente texto ha sido autom\u00e1ticamente traducido del texto anterior:<\/p>\n\n\n\n<h2 class=\"wp-block-heading\">Proveedor de Servicio<\/h2>\n\n\n\n<p>Textilvertrieb Zink<\/p>\n\n\n\n<p>Zwinger 12<\/p>\n\n\n\n<p>97070 W\u00fcrzburg<\/p>\n\n\n\n<p>Alemania<\/p>\n\n\n\n<h2 class=\"wp-block-heading\">opciones de contacto<\/h2>\n\n\n\n<p>E-Mail-Adresse:<\/p>\n\n\n\n<p><a href=\"mailto:info@monkeyandco.com\">info@monkeyandco.com<\/a><br>Telefon:<\/p>\n\n\n\n<p>0931-4651534<\/p>\n\n\n\n<h2 class=\"wp-block-heading\" id=\"m58\">Angaben zum Unternehmen<\/h2>\n\n\n\n<p>AGB:<\/p>\n\n\n\n<figure class=\"wp-block-embed is-type-wp-embed is-provider-monkey-y-co wp-block-embed-monkey-y-co\"><div class=\"wp-block-embed__wrapper\">\n<div class=\"cc_content_blocker cc_content_monkeyandco\"><div class=\"cc_iframe cc_content_monkeyandco\" style=\"display:none;\" data-src=\"https:\/\/monkeyandco.com\/es\/terminos-de-servicio\/\" src=\"about:blank\" width=\"500\" height=\"282\" data-name=\"monkeyandco\"><\/div><p class=\"cc_accept_box\">Para mostrar este contenido tienes que aceptar nuestras cookies.<br><span class=\"\"><input type=\"checkbox\" class=\"cc_checkbox\" name=\"set_cookie\" id=\"set_cookie_c6cc2e3be393f73b29e1bf35de00eec569268d39\" value=\"on\" data-version=\"1\" data-name=\"cookie-cracker\" data-lifetime=\"90\"><label for=\"set_cookie_c6cc2e3be393f73b29e1bf35de00eec569268d39\"> Always load iFrames from monkeyandco<\/label><\/span><br><button class=\"cc_iframe_button button\">Accept and view<\/button><\/p><\/div>\n<\/div><\/figure>\n\n\n\n<h2 class=\"wp-block-heading\">Redes sociales y otras presencias en l\u00ednea<\/h2>\n\n\n\n<p>Descargo de responsabilidad: A pesar del cuidadoso control del contenido, no asumimos ninguna responsabilidad por el contenido de los enlaces externos.<br>Los operadores de las p\u00e1ginas enlazadas son los \u00fanicos responsables de su contenido.<br>Todo el contenido de este sitio web, incluyendo texto, gr\u00e1ficos e im\u00e1genes, es propiedad nuestra o de nuestros socios colaboradores. Este contenido est\u00e1 protegido por derechos de autor y otros derechos. Su uso s\u00f3lo est\u00e1 permitido con nuestro consentimiento expreso. A menos que se indique lo contrario, todas las marcas comerciales utilizadas en este sitio web son marcas comerciales registradas por nosotros. Estos no se pueden utilizar sin nuestro permiso previo por escrito.<\/p>\n\n\n\n<p>Creado con la protecci\u00f3n de datos gratuita generator.de por Dr. Tomas Schwenke<\/p>\n","protected":false},"excerpt":{"rendered":"<p>Diensteanbieter Textilvertrieb Zink Zwinger 12 97070 W\u00fcrzburg Deutschland Kontaktm\u00f6glichkeiten E-Mail-Adresse: info@monkeyandco.comTelefon: 0931-4651534 Angaben zum Unternehmen AGB: Social Media und andere Onlinepr\u00e4senzen Haftungshinweis: Trotz sorgf\u00e4ltiger inhaltlicher Kontrolle \u00fcbernehmen wir keine Haftung f\u00fcr die Inhalte externer Verweise.F\u00fcr den Inhalt der verlinkten Seiten sind ausschlie\u00dflich deren Betreiber verantwortlich.Der gesamte Inhalt dieser Internetpr\u00e4senz, einschlie\u00dflich der Texte, Graphiken und Bilder [&hellip;]<\/p>\n","protected":false},"author":1,"featured_media":0,"parent":0,"menu_order":0,"comment_status":"closed","ping_status":"closed","template":"","meta":{"inline_featured_image":false,"footnotes":""},"class_list":["post-59","page","type-page","status-publish","hentry"],"_links":{"self":[{"href":"https:\/\/monkeyandco.com\/es\/wp-json\/wp\/v2\/pages\/59","targetHints":{"allow":["GET"]}}],"collection":[{"href":"https:\/\/monkeyandco.com\/es\/wp-json\/wp\/v2\/pages"}],"about":[{"href":"https:\/\/monkeyandco.com\/es\/wp-json\/wp\/v2\/types\/page"}],"author":[{"embeddable":true,"href":"https:\/\/monkeyandco.com\/es\/wp-json\/wp\/v2\/users\/1"}],"replies":[{"embeddable":true,"href":"https:\/\/monkeyandco.com\/es\/wp-json\/wp\/v2\/comments?post=59"}],"version-history":[{"count":3,"href":"https:\/\/monkeyandco.com\/es\/wp-json\/wp\/v2\/pages\/59\/revisions"}],"predecessor-version":[{"id":159,"href":"https:\/\/monkeyandco.com\/es\/wp-json\/wp\/v2\/pages\/59\/revisions\/159"}],"wp:attachment":[{"href":"https:\/\/monkeyandco.com\/es\/wp-json\/wp\/v2\/media?parent=59"}],"curies":[{"name":"wp","href":"https:\/\/api.w.org\/{rel}","templated":true}]}}